{"id":563,"date":"2025-05-06T13:57:50","date_gmt":"2025-05-06T13:57:50","guid":{"rendered":"https:\/\/www.jola.com.br\/?page_id=563"},"modified":"2025-05-06T14:00:41","modified_gmt":"2025-05-06T14:00:41","slug":"contato","status":"publish","type":"page","link":"https:\/\/www.jola.com.br\/?page_id=563","title":{"rendered":"Contato"},"content":{"rendered":"\t\t<div data-elementor-type=\"wp-page\" data-elementor-id=\"563\" class=\"elementor elementor-563\">\n\t\t\t\t\t\t<section class=\"elementor-section elementor-top-section elementor-element elementor-element-fe1f6a4 elementor-section-boxed elementor-section-height-default elementor-section-height-default\" data-id=\"fe1f6a4\" data-element_type=\"section\" data-e-type=\"section\">\n\t\t\t\t\t\t<div class=\"elementor-container elementor-column-gap-default\">\n\t\t\t\t\t<div class=\"elementor-column elementor-col-100 elementor-top-column elementor-element elementor-element-5e34c75\" data-id=\"5e34c75\" data-element_type=\"column\" data-e-type=\"column\">\n\t\t\t<div class=\"elementor-widget-wrap elementor-element-populated\">\n\t\t\t\t\t\t<div class=\"elementor-element elementor-element-2ea59e8 elementor-widget elementor-widget-text-editor\" data-id=\"2ea59e8\" data-element_type=\"widget\" data-e-type=\"widget\" data-widget_type=\"text-editor.default\">\n\t\t\t\t<div class=\"elementor-widget-container\">\n\t\t\t\t\t\t\t\t\t<iframe src=\"https:\/\/www.google.com\/maps\/embed?pb=!1m18!1m12!1m3!1d3673.16863435609!2d-46.99279548503295!3d-22.980825584974244!2m3!1f0!2f0!3f0!3m2!1i1024!2i768!4f13.1!3m3!1m2!1s0x94c8cd9d49ea767f%3A0x67057df061e42d6e!2sAv.+Paulista%2C+578+-+Vila+Sao+Cristovao%2C+Valinhos+-+SP%2C+29102-040!5e0!3m2!1spt-BR!2sbr!4v1563814288938!5m2!1spt-BR!2sbr\" width=\"1500\" height=\"400\" frameborder=\"0\" style=\"border:0\" allowfullscreen><\/iframe>\t\t\t\t\t\t\t\t<\/div>\n\t\t\t\t<\/div>\n\t\t\t\t\t<\/div>\n\t\t<\/div>\n\t\t\t\t\t<\/div>\n\t\t<\/section>\n\t\t\t\t<section class=\"elementor-section elementor-top-section elementor-element elementor-element-0321d68 elementor-section-boxed elementor-section-height-default elementor-section-height-default\" data-id=\"0321d68\" data-element_type=\"section\" data-e-type=\"section\">\n\t\t\t\t\t\t<div class=\"elementor-container elementor-column-gap-default\">\n\t\t\t\t\t<div class=\"elementor-column elementor-col-100 elementor-top-column elementor-element elementor-element-2b08ffc\" data-id=\"2b08ffc\" data-element_type=\"column\" data-e-type=\"column\">\n\t\t\t<div class=\"elementor-widget-wrap elementor-element-populated\">\n\t\t\t\t\t\t<div class=\"elementor-element elementor-element-27e7a58 elementor-widget-divider--view-line elementor-widget elementor-widget-divider\" data-id=\"27e7a58\" data-element_type=\"widget\" data-e-type=\"widget\" data-widget_type=\"divider.default\">\n\t\t\t\t<div class=\"elementor-widget-container\">\n\t\t\t\t\t\t\t<div class=\"elementor-divider\">\n\t\t\t<span class=\"elementor-divider-separator\">\n\t\t\t\t\t\t<\/span>\n\t\t<\/div>\n\t\t\t\t\t\t<\/div>\n\t\t\t\t<\/div>\n\t\t\t\t\t<\/div>\n\t\t<\/div>\n\t\t\t\t\t<\/div>\n\t\t<\/section>\n\t\t\t\t<section class=\"elementor-section elementor-top-section elementor-element elementor-element-928bbaa elementor-section-boxed elementor-section-height-default elementor-section-height-default\" data-id=\"928bbaa\" data-element_type=\"section\" data-e-type=\"section\">\n\t\t\t\t\t\t<div class=\"elementor-container elementor-column-gap-default\">\n\t\t\t\t\t<div class=\"elementor-column elementor-col-50 elementor-top-column elementor-element elementor-element-f7c3ca8\" data-id=\"f7c3ca8\" data-element_type=\"column\" data-e-type=\"column\">\n\t\t\t<div class=\"elementor-widget-wrap elementor-element-populated\">\n\t\t\t\t\t\t<div class=\"elementor-element elementor-element-c4fa8bb elementor-widget elementor-widget-text-editor\" data-id=\"c4fa8bb\" data-element_type=\"widget\" data-e-type=\"widget\" data-widget_type=\"text-editor.default\">\n\t\t\t\t<div class=\"elementor-widget-container\">\n\t\t\t\t\t\t\t\t\t<h2>Atendimento:<\/h2><p><hr class=\"no_line\" style=\"margin: 0 auto 40px;\"\/>\n<\/p><h5>De segunda a Sexta das 07:20h as 17:20h.<br \/>S\u00e1bados das 08:00h as 12:00h.<\/h5><p><hr class=\"no_line\" style=\"margin: 0 auto 30px;\"\/>\n<\/p><div style=\"border-left: 5px solid #E6E6E6; padding: 10px 0 10px 30px;\"><h5 style=\"font-weight: bold; color: #071323; margin-bottom: 10px;\">Endere\u00e7o:<\/h5><p class=\"big\">Av. Paulista, 578 &#8211; S\u00e3o Cristov\u00e3o<br \/>Valinhos\/SP<\/p><p class=\"big\" style=\"margin-bottom: 4px;\">E-mail: <a href=\"mailto:jola@jola.com.br\">jola@jola.com.br<\/a><\/p><p class=\"big\" style=\"margin-bottom: 4px;\">Telefone: <a href=\"019 3869-3677\">019 3869-3677<\/a><\/p><\/div>\t\t\t\t\t\t\t\t<\/div>\n\t\t\t\t<\/div>\n\t\t\t\t\t<\/div>\n\t\t<\/div>\n\t\t\t\t<div class=\"elementor-column elementor-col-50 elementor-top-column elementor-element elementor-element-24f3938\" data-id=\"24f3938\" data-element_type=\"column\" data-e-type=\"column\">\n\t\t\t<div class=\"elementor-widget-wrap elementor-element-populated\">\n\t\t\t\t\t\t<div class=\"elementor-element elementor-element-0a4d940 elementor-widget elementor-widget-image\" data-id=\"0a4d940\" data-element_type=\"widget\" data-e-type=\"widget\" data-widget_type=\"image.default\">\n\t\t\t\t<div class=\"elementor-widget-container\">\n\t\t\t\t\t\t\t\t\t\t\t\t\t\t\t<img fetchpriority=\"high\" decoding=\"async\" width=\"350\" height=\"448\" src=\"https:\/\/www.jola.com.br\/wp-content\/uploads\/2023\/03\/JOLAVALINHOS.jpg\" class=\"elementor-animation-pulse-shrink attachment-medium_large size-medium_large wp-image-502\" alt=\"\" srcset=\"https:\/\/www.jola.com.br\/wp-content\/uploads\/2023\/03\/JOLAVALINHOS.jpg 350w, https:\/\/www.jola.com.br\/wp-content\/uploads\/2023\/03\/JOLAVALINHOS-234x300.jpg 234w, https:\/\/www.jola.com.br\/wp-content\/uploads\/2023\/03\/JOLAVALINHOS-114x146.jpg 114w, https:\/\/www.jola.com.br\/wp-content\/uploads\/2023\/03\/JOLAVALINHOS-39x50.jpg 39w, https:\/\/www.jola.com.br\/wp-content\/uploads\/2023\/03\/JOLAVALINHOS-59x75.jpg 59w\" sizes=\"(max-width: 350px) 100vw, 350px\" \/>\t\t\t\t\t\t\t\t\t\t\t\t\t\t\t<\/div>\n\t\t\t\t<\/div>\n\t\t\t\t\t<\/div>\n\t\t<\/div>\n\t\t\t\t\t<\/div>\n\t\t<\/section>\n\t\t\t\t<\/div>\n\t\t","protected":false},"excerpt":{"rendered":"<p>Atendimento: De segunda a Sexta das 07:20h as 17:20h.S\u00e1bados das 08:00h as 12:00h. Endere\u00e7o: Av. Paulista, 578 &#8211; S\u00e3o Cristov\u00e3oValinhos\/SP E-mail: jola@jola.com.br Telefone: 019 3869-3677<\/p>\n","protected":false},"author":1,"featured_media":0,"parent":0,"menu_order":0,"comment_status":"closed","ping_status":"closed","template":"","meta":{"footnotes":""},"class_list":["post-563","page","type-page","status-publish","hentry"],"_links":{"self":[{"href":"https:\/\/www.jola.com.br\/index.php?rest_route=\/wp\/v2\/pages\/563","targetHints":{"allow":["GET"]}}],"collection":[{"href":"https:\/\/www.jola.com.br\/index.php?rest_route=\/wp\/v2\/pages"}],"about":[{"href":"https:\/\/www.jola.com.br\/index.php?rest_route=\/wp\/v2\/types\/page"}],"author":[{"embeddable":true,"href":"https:\/\/www.jola.com.br\/index.php?rest_route=\/wp\/v2\/users\/1"}],"replies":[{"embeddable":true,"href":"https:\/\/www.jola.com.br\/index.php?rest_route=%2Fwp%2Fv2%2Fcomments&post=563"}],"version-history":[{"count":16,"href":"https:\/\/www.jola.com.br\/index.php?rest_route=\/wp\/v2\/pages\/563\/revisions"}],"predecessor-version":[{"id":579,"href":"https:\/\/www.jola.com.br\/index.php?rest_route=\/wp\/v2\/pages\/563\/revisions\/579"}],"wp:attachment":[{"href":"https:\/\/www.jola.com.br\/index.php?rest_route=%2Fwp%2Fv2%2Fmedia&parent=563"}],"curies":[{"name":"wp","href":"https:\/\/api.w.org\/{rel}","templated":true}]}}